{"id":10,"date":"2015-02-20T20:12:13","date_gmt":"2015-02-20T20:12:13","guid":{"rendered":"https:\/\/avada.theme-fusion.com_demos\/law\/?page_id=10"},"modified":"2026-03-03T15:10:39","modified_gmt":"2026-03-03T15:10:39","slug":"sobre-nosotros-neomedic-international","status":"publish","type":"page","link":"https:\/\/neomedic.com\/es\/sobre-nosotros-neomedic-international\/","title":{"rendered":"Sobre Nosotros"},"content":{"rendered":"<p><div class=\"fusion-fullwidth fullwidth-box fusion-builder-row-1 fusion-flex-container nonhundred-percent-fullwidth non-hundred-percent-height-scrolling\" style=\"--awb-background-position:left top;--awb-border-sizes-top:1px;--awb-border-sizes-bottom:1px;--awb-border-sizes-left:0px;--awb-border-sizes-right:0px;--awb-border-color:var(--awb-color3);--awb-border-radius-top-left:0px;--awb-border-radius-top-right:0px;--awb-border-radius-bottom-right:0px;--awb-border-radius-bottom-left:0px;--awb-padding-top:110px;--awb-padding-bottom:110px;--awb-padding-top-medium:80px;--awb-padding-bottom-medium:80px;--awb-background-color:var(--awb-color1);--awb-flex-wrap:wrap;\" ><div class=\"fusion-builder-row fusion-row fusion-flex-align-items-flex-start fusion-flex-content-wrap\" style=\"max-width:1216.8px;margin-left: calc(-4% \/ 2 );margin-right: calc(-4% \/ 2 );\"><div class=\"fusion-layout-column fusion_builder_column fusion-builder-column-0 fusion_builder_column_1_1 1_1 fusion-flex-column fusion-flex-align-self-flex-start fusion-column-no-min-height\" style=\"--awb-padding-top:37px;--awb-padding-right:78px;--awb-padding-left:85px;--awb-padding-right-small:0px;--awb-padding-left-small:0px;--awb-bg-blend:overlay;--awb-bg-size:cover;--awb-width-large:100%;--awb-margin-top-large:-70px;--awb-spacing-right-large:1.92%;--awb-margin-bottom-large:-30px;--awb-spacing-left-large:1.92%;--awb-width-medium:100%;--awb-spacing-right-medium:1.92%;--awb-spacing-left-medium:1.92%;--awb-width-small:100%;--awb-spacing-right-small:1.92%;--awb-spacing-left-small:1.92%;\"><div class=\"fusion-column-wrapper fusion-flex-justify-content-flex-start fusion-content-layout-column\"><div class=\"fusion-title title fusion-title-1 fusion-title-center fusion-title-text fusion-title-size-two\" style=\"--awb-text-color:#030077;--awb-margin-bottom:20px;\"><div class=\"title-sep-container title-sep-container-left\"><div class=\"title-sep sep- sep-solid\" style=\"border-color:var(--awb-color3);\"><\/div><\/div><span class=\"awb-title-spacer\"><\/span><h2 class=\"fusion-title-heading title-heading-center\" style=\"margin:0;text-transform:uppercase;\"><span style=\"font-family: Cambay; font-weight: 400;\" data-fusion-font=\"true\" data-fusion-google-font=\"Cambay\" data-fusion-google-variant=\"400\">Mejorar la c<span style=\"color: #030077;\">alidad<\/span> de trabajo de los m\u00e9dicos y la calidad de vida de los pacientes<\/span><\/h2><span class=\"awb-title-spacer\"><\/span><div class=\"title-sep-container title-sep-container-right\"><div class=\"title-sep sep- sep-solid\" style=\"border-color:var(--awb-color3);\"><\/div><\/div><\/div><div class=\"fusion-separator\" style=\"align-self: center;margin-left: auto;margin-right: auto;margin-top:10px;margin-bottom:30px;width:100%;max-width:170px;\"><div class=\"fusion-separator-border sep-single sep-solid\" style=\"--awb-height:20px;--awb-amount:20px;--awb-sep-color:#4fa2cc;border-color:#4fa2cc;border-top-width:6px;\"><\/div><\/div><div class=\"fusion-text fusion-text-1\" style=\"--awb-text-color:#111775;\"><p style=\"text-align: center; color: #030077; font-family: Cambay; font-weight: 400; font-size: 17px;\" data-fusion-font=\"true\" data-fusion-google-font=\"Cambay\" data-fusion-google-variant=\"400\"><span data-fusion-font=\"true\" style=\"font-size: 18px;\">Fundada hace m\u00e1s de 25 a\u00f1os, Neomedic International es una e<\/span><span style=\"color: rgb(3, 0, 119); font-size: 18px;\" data-fusion-font=\"true\">mpresa tot<\/span><span data-fusion-font=\"true\" style=\"font-size: 18px;\">almente centrada en proporcionar al sector m\u00e9dico m\u00e9todos quir\u00fargicos de valor a\u00f1adido, soluciones y productos innovadores, que mejoran la calidad de trabajo de los m\u00e9dicos y la calidad de vida de los pacientes.<\/span><\/p>\n<p style=\"text-align: center; color: rgb(3, 0, 119); font-family: Cambay; font-weight: 400; font-size: 18px;\" data-fusion-font=\"true\" data-fusion-google-font=\"Cambay\" data-fusion-google-variant=\"400\">Estamos presentes en m\u00e1s de 45 pa\u00edses de todo el mundo, trabajando de la mano con profesionales de la salud para ofrecer soluciones eficaces, innovadoras y seguras.<\/p>\n<\/div><div class=\"fusion-image-element \" style=\"--awb-caption-title-font-family:var(--h2_typography-font-family);--awb-caption-title-font-weight:var(--h2_typography-font-weight);--awb-caption-title-font-style:var(--h2_typography-font-style);--awb-caption-title-size:var(--h2_typography-font-size);--awb-caption-title-transform:var(--h2_typography-text-transform);--awb-caption-title-line-height:var(--h2_typography-line-height);--awb-caption-title-letter-spacing:var(--h2_typography-letter-spacing);\"><span class=\" fusion-imageframe imageframe-none imageframe-1 hover-type-none fusion-animated\" data-animationType=\"zoomInRight\" data-animationDuration=\"0.3\" data-animationOffset=\"top-into-view\"><img decoding=\"async\" width=\"1920\" height=\"995\" title=\"MAPA PAISES NEOMEDIC &#8211; 7\" src=\"https:\/\/neomedic.com\/wp-content\/uploads\/2025\/07\/MAPA-PAISES-NEOMEDIC.jpg\" data-orig-src=\"https:\/\/neomedic.com\/wp-content\/uploads\/2025\/07\/MAPA-PAISES-NEOMEDIC.jpg\" alt class=\"lazyload img-responsive wp-image-6288\" srcset=\"data:image\/svg+xml,%3Csvg%20xmlns%3D%27http%3A%2F%2Fwww.w3.org%2F2000%2Fsvg%27%20width%3D%271920%27%20height%3D%27995%27%20viewBox%3D%270%200%201920%20995%27%3E%3Crect%20width%3D%271920%27%20height%3D%27995%27%20fill-opacity%3D%220%22%2F%3E%3C%2Fsvg%3E\" data-srcset=\"https:\/\/neomedic.com\/wp-content\/uploads\/2025\/07\/MAPA-PAISES-NEOMEDIC-200x104.jpg 200w, https:\/\/neomedic.com\/wp-content\/uploads\/2025\/07\/MAPA-PAISES-NEOMEDIC-400x207.jpg 400w, https:\/\/neomedic.com\/wp-content\/uploads\/2025\/07\/MAPA-PAISES-NEOMEDIC-600x311.jpg 600w, https:\/\/neomedic.com\/wp-content\/uploads\/2025\/07\/MAPA-PAISES-NEOMEDIC-800x415.jpg 800w, https:\/\/neomedic.com\/wp-content\/uploads\/2025\/07\/MAPA-PAISES-NEOMEDIC-1200x622.jpg 1200w, https:\/\/neomedic.com\/wp-content\/uploads\/2025\/07\/MAPA-PAISES-NEOMEDIC.jpg 1920w\" data-sizes=\"auto\" data-orig-sizes=\"(max-width: 1024px) 100vw, (max-width: 850px) 100vw, 1200px\" \/><\/span><\/div><div class=\"fusion-text fusion-text-2\" style=\"--awb-text-color:#161867;\"><p style=\"text-align: center;\">\n<\/div><div style=\"text-align:center;\"><a class=\"fusion-button button-flat fusion-button-default-size button-custom fusion-button-default button-1 fusion-button-default-span fusion-button-default-type\" style=\"--button_accent_color:var(--awb-color1);--button_accent_hover_color:var(--awb-color1);--button_border_hover_color:var(--awb-color1);--button_gradient_top_color:#111775;--button_gradient_bottom_color:#111775;--button_gradient_top_color_hover:hsla(var(--awb-color5-h),calc(var(--awb-color5-s) - 2%),calc(var(--awb-color5-l) - 7%),var(--awb-color5-a));--button_gradient_bottom_color_hover:hsla(var(--awb-color5-h),calc(var(--awb-color5-s) - 2%),calc(var(--awb-color5-l) - 7%),var(--awb-color5-a));\" target=\"_self\" href=\"https:\/\/neomedic.com\/es\/contactanos\/\"><span class=\"fusion-button-text awb-button__text awb-button__text--default\">CONTACTAR ESPECIALISTA<\/span><\/a><\/div><\/div><\/div><\/div><\/div><div class=\"fusion-fullwidth fullwidth-box fusion-builder-row-2 fusion-flex-container nonhundred-percent-fullwidth non-hundred-percent-height-scrolling\" style=\"--link_color: #241626;--awb-border-sizes-top:0px;--awb-border-sizes-bottom:0px;--awb-border-sizes-left:0px;--awb-border-sizes-right:0px;--awb-border-radius-top-left:0px;--awb-border-radius-top-right:0px;--awb-border-radius-bottom-right:0px;--awb-border-radius-bottom-left:0px;--awb-padding-top:31px;--awb-padding-bottom:34px;--awb-margin-top:0px;--awb-background-color:#0e146e;--awb-flex-wrap:wrap;\" ><div class=\"fusion-builder-row fusion-row fusion-flex-align-items-flex-start fusion-flex-content-wrap\" style=\"max-width:calc( 1170px + 0px );margin-left: calc(-0px \/ 2 );margin-right: calc(-0px \/ 2 );\"><div class=\"fusion-layout-column fusion_builder_column fusion-builder-column-1 fusion_builder_column_1_1 1_1 fusion-flex-column fusion-flex-align-self-flex-start fusion-column-no-min-height\" style=\"--awb-bg-blend:overlay;--awb-bg-size:cover;--awb-width-large:100%;--awb-margin-top-large:0px;--awb-spacing-right-large:0px;--awb-margin-bottom-large:0px;--awb-spacing-left-large:0px;--awb-width-medium:100%;--awb-spacing-right-medium:0px;--awb-spacing-left-medium:0px;--awb-width-small:100%;--awb-spacing-right-small:0px;--awb-spacing-left-small:0px;\"><div class=\"fusion-column-wrapper fusion-flex-justify-content-flex-start fusion-content-layout-column\"><div class=\"fusion-testimonials clean awb-speech-bubble-show fusion-testimonials-1\" style=\"--awb-textcolor:var(--awb-color1);--awb-backgroundcolor:rgba(255,255,255,0);--awb-testimonial-border-style:solid;--awb-testimonial-border-color:var(--awb-color3);--awb-navigation-size:12px;--awb-border-top-left-radius:0px;--awb-border-top-right-radius:0px;--awb-border-bottom-left-radius:0px;--awb-border-bottom-right-radius:0px;--testimonial-border-width-top:0px;--testimonial-border-width-right:0px;--testimonial-border-width-bottom:0px;--testimonial-border-width-left:0px;\" data-random=\"0\" data-speed=\"4000\"><div class=\"reviews\"><div class=\"review active-testimonial avatar-above avatar-image\"><div class=\"testimonial-thumbnail\"><img decoding=\"async\" class=\"testimonial-image lazyload\" src=\"data:image\/svg+xml,%3Csvg%20xmlns%3D%27http%3A%2F%2Fwww.w3.org%2F2000%2Fsvg%27%20width%3D%272270%27%20height%3D%27578%27%20viewBox%3D%270%200%202270%20578%27%3E%3Crect%20width%3D%272270%27%20height%3D%27578%27%20fill-opacity%3D%220%22%2F%3E%3C%2Fsvg%3E\" width=\"300\" height=\"76\" data-orig-src=\"https:\/\/neomedic.com\/wp-content\/uploads\/2024\/09\/logo-Neo-blanco-300x76.gif\" \/><\/div><blockquote class=\"has-transparent-color\"><div class=\"awb-quote\"><div class=\"awb-quote-content\">\n<p>CUANDO INNOVAMOS, AVANZAMOS<\/p>\n<\/div><\/div><\/blockquote><div class=\"author\"><span class=\"company-name\"><\/span><\/div><\/div><\/div><\/div><\/div><\/div><\/div><\/div><\/p>\n","protected":false},"excerpt":{"rendered":"","protected":false},"author":3,"featured_media":0,"parent":0,"menu_order":0,"comment_status":"open","ping_status":"open","template":"100-width.php","meta":{"footnotes":""},"class_list":["post-10","page","type-page","status-publish","hentry"],"yoast_head":"<!-- This site is optimized with the Yoast SEO plugin v27.3 - https:\/\/yoast.com\/product\/yoast-seo-wordpress\/ -->\n<title>Sobre Nosotros - Neomedic International<\/title>\n<meta name=\"description\" content=\"Empresa l\u00edder en proveer al sector m\u00e9dico m\u00e9todos quir\u00fargicos de valor a\u00f1adido para tratar la Incontinencia Urinaria y el Prolapso de \u00d3rganos P\u00e9lvicos.\" \/>\n<meta name=\"robots\" content=\"index, follow, max-snippet:-1, max-image-preview:large, max-video-preview:-1\" \/>\n<link rel=\"canonical\" href=\"https:\/\/neomedic.com\/es\/sobre-nosotros-neomedic-international\/\" \/>\n<meta property=\"og:locale\" content=\"es_ES\" \/>\n<meta property=\"og:type\" content=\"article\" \/>\n<meta property=\"og:title\" content=\"Sobre Nosotros - Neomedic International\" \/>\n<meta property=\"og:description\" content=\"Empresa l\u00edder en proveer al sector m\u00e9dico m\u00e9todos quir\u00fargicos de valor a\u00f1adido para tratar la Incontinencia Urinaria y el Prolapso de \u00d3rganos P\u00e9lvicos.\" \/>\n<meta property=\"og:url\" content=\"https:\/\/neomedic.com\/es\/sobre-nosotros-neomedic-international\/\" \/>\n<meta property=\"og:site_name\" content=\"Neomedic International\" \/>\n<meta property=\"article:modified_time\" content=\"2026-03-03T15:10:39+00:00\" \/>\n<meta name=\"twitter:card\" content=\"summary_large_image\" \/>\n<meta name=\"twitter:label1\" content=\"Tiempo de lectura\" \/>\n\t<meta name=\"twitter:data1\" content=\"1 minuto\" \/>\n<script type=\"application\/ld+json\" class=\"yoast-schema-graph\">{\"@context\":\"https:\\\/\\\/schema.org\",\"@graph\":[{\"@type\":\"WebPage\",\"@id\":\"https:\\\/\\\/neomedic.com\\\/es\\\/sobre-nosotros-neomedic-international\\\/\",\"url\":\"https:\\\/\\\/neomedic.com\\\/es\\\/sobre-nosotros-neomedic-international\\\/\",\"name\":\"Sobre Nosotros - Neomedic International\",\"isPartOf\":{\"@id\":\"https:\\\/\\\/neomedic.com\\\/es\\\/#website\"},\"datePublished\":\"2015-02-20T20:12:13+00:00\",\"dateModified\":\"2026-03-03T15:10:39+00:00\",\"description\":\"Empresa l\u00edder en proveer al sector m\u00e9dico m\u00e9todos quir\u00fargicos de valor a\u00f1adido para tratar la Incontinencia Urinaria y el Prolapso de \u00d3rganos P\u00e9lvicos.\",\"breadcrumb\":{\"@id\":\"https:\\\/\\\/neomedic.com\\\/es\\\/sobre-nosotros-neomedic-international\\\/#breadcrumb\"},\"inLanguage\":\"es\",\"potentialAction\":[{\"@type\":\"ReadAction\",\"target\":[\"https:\\\/\\\/neomedic.com\\\/es\\\/sobre-nosotros-neomedic-international\\\/\"]}]},{\"@type\":\"BreadcrumbList\",\"@id\":\"https:\\\/\\\/neomedic.com\\\/es\\\/sobre-nosotros-neomedic-international\\\/#breadcrumb\",\"itemListElement\":[{\"@type\":\"ListItem\",\"position\":1,\"name\":\"Portada\",\"item\":\"https:\\\/\\\/neomedic.com\\\/es\\\/\"},{\"@type\":\"ListItem\",\"position\":2,\"name\":\"Sobre Nosotros\"}]},{\"@type\":\"WebSite\",\"@id\":\"https:\\\/\\\/neomedic.com\\\/es\\\/#website\",\"url\":\"https:\\\/\\\/neomedic.com\\\/es\\\/\",\"name\":\"Neomedic International\",\"description\":\"\",\"potentialAction\":[{\"@type\":\"SearchAction\",\"target\":{\"@type\":\"EntryPoint\",\"urlTemplate\":\"https:\\\/\\\/neomedic.com\\\/es\\\/?s={search_term_string}\"},\"query-input\":{\"@type\":\"PropertyValueSpecification\",\"valueRequired\":true,\"valueName\":\"search_term_string\"}}],\"inLanguage\":\"es\"}]}<\/script>\n<!-- \/ Yoast SEO plugin. -->","yoast_head_json":{"title":"Sobre Nosotros - Neomedic International","description":"Empresa l\u00edder en proveer al sector m\u00e9dico m\u00e9todos quir\u00fargicos de valor a\u00f1adido para tratar la Incontinencia Urinaria y el Prolapso de \u00d3rganos P\u00e9lvicos.","robots":{"index":"index","follow":"follow","max-snippet":"max-snippet:-1","max-image-preview":"max-image-preview:large","max-video-preview":"max-video-preview:-1"},"canonical":"https:\/\/neomedic.com\/es\/sobre-nosotros-neomedic-international\/","og_locale":"es_ES","og_type":"article","og_title":"Sobre Nosotros - Neomedic International","og_description":"Empresa l\u00edder en proveer al sector m\u00e9dico m\u00e9todos quir\u00fargicos de valor a\u00f1adido para tratar la Incontinencia Urinaria y el Prolapso de \u00d3rganos P\u00e9lvicos.","og_url":"https:\/\/neomedic.com\/es\/sobre-nosotros-neomedic-international\/","og_site_name":"Neomedic International","article_modified_time":"2026-03-03T15:10:39+00:00","twitter_card":"summary_large_image","twitter_misc":{"Tiempo de lectura":"1 minuto"},"schema":{"@context":"https:\/\/schema.org","@graph":[{"@type":"WebPage","@id":"https:\/\/neomedic.com\/es\/sobre-nosotros-neomedic-international\/","url":"https:\/\/neomedic.com\/es\/sobre-nosotros-neomedic-international\/","name":"Sobre Nosotros - Neomedic International","isPartOf":{"@id":"https:\/\/neomedic.com\/es\/#website"},"datePublished":"2015-02-20T20:12:13+00:00","dateModified":"2026-03-03T15:10:39+00:00","description":"Empresa l\u00edder en proveer al sector m\u00e9dico m\u00e9todos quir\u00fargicos de valor a\u00f1adido para tratar la Incontinencia Urinaria y el Prolapso de \u00d3rganos P\u00e9lvicos.","breadcrumb":{"@id":"https:\/\/neomedic.com\/es\/sobre-nosotros-neomedic-international\/#breadcrumb"},"inLanguage":"es","potentialAction":[{"@type":"ReadAction","target":["https:\/\/neomedic.com\/es\/sobre-nosotros-neomedic-international\/"]}]},{"@type":"BreadcrumbList","@id":"https:\/\/neomedic.com\/es\/sobre-nosotros-neomedic-international\/#breadcrumb","itemListElement":[{"@type":"ListItem","position":1,"name":"Portada","item":"https:\/\/neomedic.com\/es\/"},{"@type":"ListItem","position":2,"name":"Sobre Nosotros"}]},{"@type":"WebSite","@id":"https:\/\/neomedic.com\/es\/#website","url":"https:\/\/neomedic.com\/es\/","name":"Neomedic International","description":"","potentialAction":[{"@type":"SearchAction","target":{"@type":"EntryPoint","urlTemplate":"https:\/\/neomedic.com\/es\/?s={search_term_string}"},"query-input":{"@type":"PropertyValueSpecification","valueRequired":true,"valueName":"search_term_string"}}],"inLanguage":"es"}]}},"_links":{"self":[{"href":"https:\/\/neomedic.com\/es\/wp-json\/wp\/v2\/pages\/10","targetHints":{"allow":["GET"]}}],"collection":[{"href":"https:\/\/neomedic.com\/es\/wp-json\/wp\/v2\/pages"}],"about":[{"href":"https:\/\/neomedic.com\/es\/wp-json\/wp\/v2\/types\/page"}],"author":[{"embeddable":true,"href":"https:\/\/neomedic.com\/es\/wp-json\/wp\/v2\/users\/3"}],"replies":[{"embeddable":true,"href":"https:\/\/neomedic.com\/es\/wp-json\/wp\/v2\/comments?post=10"}],"version-history":[{"count":40,"href":"https:\/\/neomedic.com\/es\/wp-json\/wp\/v2\/pages\/10\/revisions"}],"predecessor-version":[{"id":5450,"href":"https:\/\/neomedic.com\/es\/wp-json\/wp\/v2\/pages\/10\/revisions\/5450"}],"wp:attachment":[{"href":"https:\/\/neomedic.com\/es\/wp-json\/wp\/v2\/media?parent=10"}],"curies":[{"name":"wp","href":"https:\/\/api.w.org\/{rel}","templated":true}]}}