{"id":6486,"date":"2025-12-11T15:09:02","date_gmt":"2025-12-11T15:09:02","guid":{"rendered":"https:\/\/neomedic.com\/?page_id=6486"},"modified":"2026-03-03T15:37:03","modified_gmt":"2026-03-03T15:37:03","slug":"entrevistas-2","status":"publish","type":"page","link":"https:\/\/neomedic.com\/es\/neomedic-international\/entrevistas-2\/","title":{"rendered":"-Entrevistas"},"content":{"rendered":"<p><div class=\"fusion-fullwidth fullwidth-box fusion-builder-row-1 fusion-flex-container has-pattern-background has-mask-background nonhundred-percent-fullwidth non-hundred-percent-height-scrolling\" style=\"--awb-border-radius-top-left:0px;--awb-border-radius-top-right:0px;--awb-border-radius-bottom-right:0px;--awb-border-radius-bottom-left:0px;--awb-flex-wrap:wrap;\" ><div class=\"fusion-builder-row fusion-row fusion-flex-align-items-flex-start fusion-flex-content-wrap\" style=\"max-width:1216.8px;margin-left: calc(-4% \/ 2 );margin-right: calc(-4% \/ 2 );\"><div class=\"fusion-layout-column fusion_builder_column fusion-builder-column-0 fusion_builder_column_1_1 1_1 fusion-flex-column\" style=\"--awb-bg-size:cover;--awb-transition:filter 300ms ease-in-out, transform 300ms ease-in-out, background-color 300ms ease-in-out, border-color 300ms ease-in-out;--awb-width-large:100%;--awb-margin-top-large:0px;--awb-spacing-right-large:1.92%;--awb-margin-bottom-large:20px;--awb-spacing-left-large:1.92%;--awb-width-medium:100%;--awb-order-medium:0;--awb-spacing-right-medium:1.92%;--awb-spacing-left-medium:1.92%;--awb-width-small:100%;--awb-order-small:0;--awb-spacing-right-small:1.92%;--awb-spacing-left-small:1.92%;\"><div class=\"fusion-column-wrapper fusion-column-has-shadow fusion-flex-justify-content-flex-start fusion-content-layout-column\"><div class=\"fusion-text fusion-text-1 fusion-animated\" data-animationType=\"fadeInLeft\" data-animationDuration=\"1.3\" data-animationOffset=\"top-into-view\"><h3><span style=\"color: #111775;\"><b style=\"font-size: 20px;\" data-fusion-font=\"true\">Holly E. Richter <\/b><strong>\u2013Birmingham, Alabama, EE. UU.<\/strong><\/span><\/h3>\n<p><span style=\"color: #111775; font-size: 16px;\" data-fusion-font=\"true\"> La Dra. Richter es ginec\u00f3loga en la Divisi\u00f3n de Ginecolog\u00eda M\u00e9dica\/Quir\u00fargica y profesora en los Departamentos de Obstetricia y Ginecolog\u00eda, Gerontolog\u00eda y Medicina Geri\u00e1trica. Adem\u00e1s, es investigadora asociada en el Centro para el Envejecimiento y co-investigadora principal en el Centro de Trastornos Genitourinarios de la Universidad de Alabama en Birmingham (UAB).<br \/>\n<\/span><\/p>\n<p><span style=\"color: #111775; font-size: 16px;\" data-fusion-font=\"true\"> Dra. Richter comparte su percepci\u00f3n sobre el trabajo realizado en el \u00e1mbito de la salud de la mujer y la colaboraci\u00f3n con los profesionales, destacando la transparencia y la comunicaci\u00f3n abierta como elementos clave en su relaci\u00f3n y experiencia con Neomedic y nuestros productos.<br \/>\n<\/span><\/p>\n<\/div><div class=\"fusion-video fusion-youtube\" style=\"--awb-max-width:600px;--awb-max-height:350px;--awb-align-self:center;--awb-width:100%;\"><div class=\"video-shortcode\"><lite-youtube videoid=\"YeWvXeXYVEg\" class=\"landscape\" params=\"wmode=transparent&autoplay=1&enablejsapi=1\" title=\"YouTube video player 1\" data-button-label=\"Play Video\" width=\"600\" height=\"350\" data-thumbnail-size=\"auto\" data-no-cookie=\"on\"><\/lite-youtube><\/div><\/div><\/div><\/div><div class=\"fusion-layout-column fusion_builder_column fusion-builder-column-1 fusion_builder_column_1_1 1_1 fusion-flex-column\" style=\"--awb-bg-size:cover;--awb-width-large:100%;--awb-margin-top-large:0px;--awb-spacing-right-large:1.92%;--awb-margin-bottom-large:20px;--awb-spacing-left-large:1.92%;--awb-width-medium:100%;--awb-order-medium:0;--awb-spacing-right-medium:1.92%;--awb-spacing-left-medium:1.92%;--awb-width-small:100%;--awb-order-small:0;--awb-spacing-right-small:1.92%;--awb-spacing-left-small:1.92%;\"><div class=\"fusion-column-wrapper fusion-column-has-shadow fusion-flex-justify-content-flex-start fusion-content-layout-column\"><div class=\"fusion-text fusion-text-2 fusion-animated\" data-animationType=\"fadeInLeft\" data-animationDuration=\"1.3\" data-animationOffset=\"top-into-view\"><h3><span style=\"color: #111775;\"><b style=\"font-size: 20px;\" data-fusion-font=\"true\">Dr. Carlos Errando \u2013Barcelona, Espa\u00f1a (Remeex System)<br \/>\n<\/b><\/span><\/h3>\n<p><span style=\"color: #111775; font-size: 16px;\" data-fusion-font=\"true\">El Dr. Carlos Errando es Jefe de la Unidad de Urolog\u00eda Funcional, Femenina y Urodinamia en la Fundaci\u00f3 Puigvert de Barcelona, especialista en el diagn\u00f3stico y tratamiento m\u00e9dico y quir\u00fargico de la incontinencia urinaria en hombres y mujeres, el prolapso del suelo p\u00e9lvico, las f\u00edstulas urinarias, los s\u00edntomas urinarios como la urgencia y frecuencia miccional, la vejiga neur\u00f3gena y la vejiga hiperactiva. Adem\u00e1s, posee amplia experiencia en malformaciones urinarias femeninas, infecciones urinarias y dolor p\u00e9lvico.<\/span><\/p>\n<p><span style=\"color: #111775; font-size: 16px;\" data-fusion-font=\"true\">A lo largo de sus 25 a\u00f1os de experiencia utilizando el sistema Remeex, ha observado excelentes resultados a largo plazo, una baja incidencia de complicaciones y un elevado nivel de satisfacci\u00f3n entre las pacientes. Tambi\u00e9n destaca su implicaci\u00f3n en el desarrollo del Remeex masculino junto a nosotros, subrayando la calidad del producto y recomendando su uso.<\/span><\/p>\n<\/div><div class=\"fusion-video fusion-youtube\" style=\"--awb-max-width:600px;--awb-max-height:350px;--awb-align-self:center;--awb-width:100%;\"><div class=\"video-shortcode\"><lite-youtube videoid=\"dmySbYdgSIU\" class=\"landscape\" params=\"wmode=transparent&autoplay=1&enablejsapi=1\" title=\"YouTube video player 2\" data-button-label=\"Play Video\" width=\"600\" height=\"350\" data-thumbnail-size=\"auto\" data-no-cookie=\"on\"><\/lite-youtube><\/div><\/div><\/div><\/div><div class=\"fusion-layout-column fusion_builder_column fusion-builder-column-2 fusion_builder_column_1_1 1_1 fusion-flex-column\" style=\"--awb-bg-size:cover;--awb-width-large:100%;--awb-margin-top-large:0px;--awb-spacing-right-large:1.92%;--awb-margin-bottom-large:20px;--awb-spacing-left-large:1.92%;--awb-width-medium:100%;--awb-order-medium:0;--awb-spacing-right-medium:1.92%;--awb-spacing-left-medium:1.92%;--awb-width-small:100%;--awb-order-small:0;--awb-spacing-right-small:1.92%;--awb-spacing-left-small:1.92%;\"><div class=\"fusion-column-wrapper fusion-column-has-shadow fusion-flex-justify-content-flex-start fusion-content-layout-column\"><div class=\"fusion-text fusion-text-3 fusion-animated\" data-animationType=\"fadeInLeft\" data-animationDuration=\"1.3\" data-animationOffset=\"top-into-view\"><h3><span style=\"color: #111775;\"><b style=\"font-size: 20px;\" data-fusion-font=\"true\">Dr. Camilo Fonseca \u2013Bogot\u00e1, Colombia (Needleless)<br \/>\n<\/b><\/span><\/h3>\n<p><span style=\"color: #111775; font-size: 16px;\" data-fusion-font=\"true\">Camilo Fonseca Guzm\u00e1n es m\u00e9dico y ginec\u00f3logo egresado de la Universidad del Rosario, con subespecializaci\u00f3n en Uroginecolog\u00eda y Cirug\u00eda Reconstructiva de Piso P\u00e9lvico por el Hospital Italiano de Buenos Aires. Cuenta con m\u00e1s de 10 a\u00f1os de experiencia en el \u00e1rea de ginecolog\u00eda, cirug\u00eda ginecol\u00f3gica y cirug\u00eda vaginal, con un enfoque especializado en el tratamiento de disfunciones del suelo p\u00e9lvico, como el prolapso de \u00f3rganos p\u00e9lvicos (vejiga ca\u00edda) y la incontinencia urinaria.<br \/>\n<\/span><br \/>\n<span style=\"color: #111775; font-size: 16px;\" data-fusion-font=\"true\">A partir de su experiencia cl\u00ednica, el Dr. Fonseca destaca los beneficios del sistema Needleless, subrayando su car\u00e1cter m\u00ednimamente invasivo, la reducci\u00f3n de complicaciones posoperatorias y la mejora en tiempos quir\u00fargicos. Tambi\u00e9n resalta los buenos resultados obtenidos a medio y largo plazo, as\u00ed como la efectividad del dispositivo en comparaci\u00f3n con los slings transobturadores tradicionales.<br \/>\n<\/span><\/p>\n<\/div><div class=\"fusion-video fusion-youtube\" style=\"--awb-max-width:600px;--awb-max-height:350px;--awb-align-self:center;--awb-width:100%;\"><div class=\"video-shortcode\"><lite-youtube videoid=\"SOn3W5zoxpg\" class=\"landscape\" params=\"wmode=transparent&autoplay=1&enablejsapi=1\" title=\"YouTube video player 3\" data-button-label=\"Play Video\" width=\"600\" height=\"350\" data-thumbnail-size=\"auto\" data-no-cookie=\"on\"><\/lite-youtube><\/div><\/div><\/div><\/div><div class=\"fusion-layout-column fusion_builder_column fusion-builder-column-3 fusion_builder_column_1_1 1_1 fusion-flex-column\" style=\"--awb-bg-size:cover;--awb-width-large:100%;--awb-margin-top-large:0px;--awb-spacing-right-large:1.92%;--awb-margin-bottom-large:20px;--awb-spacing-left-large:1.92%;--awb-width-medium:100%;--awb-order-medium:0;--awb-spacing-right-medium:1.92%;--awb-spacing-left-medium:1.92%;--awb-width-small:100%;--awb-order-small:0;--awb-spacing-right-small:1.92%;--awb-spacing-left-small:1.92%;\"><div class=\"fusion-column-wrapper fusion-column-has-shadow fusion-flex-justify-content-flex-start fusion-content-layout-column\"><div class=\"fusion-text fusion-text-4 fusion-animated\" data-animationType=\"fadeInLeft\" data-animationDuration=\"1.3\" data-animationOffset=\"top-into-view\"><h3><span style=\"color: #111775;\"><strong><span style=\"font-size: 15px;\"><span style=\"font-size: 20px;\" data-fusion-font=\"true\">Dr. Sebasti\u00e1n P\u00e9rez Junqueira \u2013Buenos Aires, Argentina (Anchorsure)<\/span><\/span><\/strong><\/span><\/h3>\n<p><span style=\"color: #111775; font-size: 16px;\" data-fusion-font=\"true\"> El Dr. Sebasti\u00e1n P\u00e9rez Junqueira es m\u00e9dico especialista en uroginecolog\u00eda, con una destacada trayectoria en el tratamiento y prevenci\u00f3n de las disfunciones del suelo p\u00e9lvico. Actualmente forma parte del staff del Grupo M\u00e9dico GEDREP y del Sanatorio Otamendi Miroli en Buenos Aires, Argentina. Es miembro principal de GEDREP (Grupo de Prevenci\u00f3n y Tratamiento de las Disfunciones del Piso P\u00e9lvico) y forma parte del Board of Directors de ALAPP (Asociaci\u00f3n Latinoamericana de Piso P\u00e9lvico).<br \/>\n<\/span><\/p>\n<p><span style=\"color: #111775; font-size: 16px;\" data-fusion-font=\"true\"> A partir de su experiencia quir\u00fargica, el Dr. P\u00e9rez Junqueira destaca las ventajas de Anchorsure, especialmente por la posibilidad de utilizarlo por v\u00eda anterior y posterior, la eficacia del arp\u00f3n en el anclaje ligamentario y la facilidad que aporta en zonas de dif\u00edcil acceso. Se\u00f1ala adem\u00e1s la reducci\u00f3n de riesgos asociados a agujas tradicionales, la baja tasa de complicaciones y los resultados altamente efectivos obtenidos a medio y largo plazo.<br \/>\n<\/span><\/p>\n<\/div><div class=\"fusion-video fusion-youtube\" style=\"--awb-max-width:600px;--awb-max-height:350px;--awb-align-self:center;--awb-width:100%;\"><div class=\"video-shortcode\"><lite-youtube videoid=\"GuXLhOKMpY8\" class=\"landscape\" params=\"wmode=transparent&autoplay=1&enablejsapi=1\" title=\"YouTube video player 4\" data-button-label=\"Play Video\" width=\"600\" height=\"350\" data-thumbnail-size=\"auto\" data-no-cookie=\"on\"><\/lite-youtube><\/div><\/div><\/div><\/div><div class=\"fusion-layout-column fusion_builder_column fusion-builder-column-4 fusion_builder_column_1_1 1_1 fusion-flex-column\" style=\"--awb-bg-size:cover;--awb-width-large:100%;--awb-margin-top-large:0px;--awb-spacing-right-large:1.92%;--awb-margin-bottom-large:20px;--awb-spacing-left-large:1.92%;--awb-width-medium:100%;--awb-order-medium:0;--awb-spacing-right-medium:1.92%;--awb-spacing-left-medium:1.92%;--awb-width-small:100%;--awb-order-small:0;--awb-spacing-right-small:1.92%;--awb-spacing-left-small:1.92%;\"><div class=\"fusion-column-wrapper fusion-column-has-shadow fusion-flex-justify-content-flex-start fusion-content-layout-column\"><div class=\"fusion-text fusion-text-5 fusion-animated\" data-animationType=\"fadeInLeft\" data-animationDuration=\"1.3\" data-animationOffset=\"top-into-view\"><h3><span style=\"color: #111775;\"><b style=\"font-size: 20px;\" data-fusion-font=\"true\"> Dra. Shannon Wallace \u2013 Cleveland, Ohio, Estados Unidos (Anchorsure)<br \/>\n<\/b><\/span><\/h3>\n<p><span style=\"color: #111775; font-size: 16px;\" data-fusion-font=\"true\"> La Dra. Shannon Wallace es doctora del equipo del Women\u2019s Institute de la Cleveland Clinic, en la divisi\u00f3n de uroginecolog\u00eda y trastornos del suelo p\u00e9lvico. Adem\u00e1s, es la directora del programa de formaci\u00f3n especializada (fellowship) en Uroginecolog\u00eda y Cirug\u00eda Reconstructiva del Suelo P\u00e9lvico. Est\u00e1 especializada en el tratamiento m\u00ednimamente invasivo de la incontinencia urinaria de esfuerzo, la vejiga hiperactiva y el prolapso de \u00f3rganos p\u00e9lvicos.<\/span><\/p>\n<p><span style=\"color: #111775; font-size: 16px;\" data-fusion-font=\"true\">La Dra. Wallace destaca la facilidad de uso de Anchorsure en cirug\u00eda del ligamento sacroespinoso, subrayando que requiere una m\u00ednima disecci\u00f3n y permite a residentes y fellows identificar el ligamento con precisi\u00f3n. Adem\u00e1s, resalta la eficacia del sistema y los excelentes resultados obtenidos en sus pacientes.<br \/>\n<\/span><\/p>\n<\/div><div class=\"fusion-video fusion-youtube\" style=\"--awb-max-width:600px;--awb-max-height:350px;--awb-align-self:center;--awb-width:100%;\"><div class=\"video-shortcode\"><lite-youtube videoid=\"2mX6bUswMlo\" class=\"landscape\" params=\"wmode=transparent&autoplay=1&enablejsapi=1\" title=\"YouTube video player 5\" data-button-label=\"Play Video\" width=\"600\" height=\"350\" data-thumbnail-size=\"auto\" data-no-cookie=\"on\"><\/lite-youtube><\/div><\/div><\/div><\/div><div class=\"fusion-layout-column fusion_builder_column fusion-builder-column-5 fusion_builder_column_1_1 1_1 fusion-flex-column\" style=\"--awb-bg-size:cover;--awb-width-large:100%;--awb-margin-top-large:0px;--awb-spacing-right-large:1.92%;--awb-margin-bottom-large:20px;--awb-spacing-left-large:1.92%;--awb-width-medium:100%;--awb-order-medium:0;--awb-spacing-right-medium:1.92%;--awb-spacing-left-medium:1.92%;--awb-width-small:100%;--awb-order-small:0;--awb-spacing-right-small:1.92%;--awb-spacing-left-small:1.92%;\"><div class=\"fusion-column-wrapper fusion-column-has-shadow fusion-flex-justify-content-flex-start fusion-content-layout-column\"><div class=\"fusion-text fusion-text-6 fusion-animated\" data-animationType=\"fadeInLeft\" data-animationDuration=\"1.3\" data-animationOffset=\"top-into-view\"><h3><span style=\"color: #111775;\"><b style=\"font-size: 20px;\" data-fusion-font=\"true\">Dr. Ren\u00e9 Hern\u00e1ndez \u2013M\u00e9xico, Norteam\u00e9rica (Uplift + Anchorsure)<br \/>\n<\/b><\/span><\/h3>\n<p><span style=\"color: #111775;\"><span style=\"font-size: 16px;\" data-fusion-font=\"true\">El Dr. Ren\u00e9 es especialista en urolog\u00eda ginecol\u00f3gica, egresado de la Facultad de Medicina de la Universidad del Ej\u00e9rcito y Fuerza A\u00e9rea. <\/span><span style=\"font-size: 16px;\" data-fusion-font=\"true\">Con m\u00e1s de 12 a\u00f1os de experiencia, se ha destacado por su profesionalismo y vocaci\u00f3n en el cuidado integral de la salud femenina, enfoc\u00e1ndose en \u00e1reas como la ginecolog\u00eda, obstetricia y urolog\u00eda ginecol\u00f3gica.<\/span><\/span><\/p>\n<p><span style=\"color: #111775; font-size: 16px;\" data-fusion-font=\"true\"> Destaca la eficacia de Anchorsure para el tratamiento del prolapso, resaltando su facilidad de uso, m\u00ednima incisi\u00f3n y excelentes resultados cl\u00ednicos. Adem\u00e1s, valora las cualidades de la malla Uplift en cirug\u00eda rob\u00f3tica por su ligereza y maleabilidad. Ambos productos han demostrado resultados muy favorables en su pr\u00e1ctica hospitalaria.<br \/>\n<\/span><\/p>\n<\/div><div class=\"fusion-video fusion-youtube\" style=\"--awb-max-width:600px;--awb-max-height:350px;--awb-align-self:center;--awb-width:100%;\"><div class=\"video-shortcode\"><lite-youtube videoid=\"KhaQ2fv-J6w\" class=\"landscape\" params=\"wmode=transparent&autoplay=1&enablejsapi=1\" title=\"YouTube video player 6\" data-button-label=\"Play Video\" width=\"600\" height=\"350\" data-thumbnail-size=\"auto\" data-no-cookie=\"on\"><\/lite-youtube><\/div><\/div><\/div><\/div><div class=\"fusion-layout-column fusion_builder_column fusion-builder-column-6 fusion_builder_column_1_1 1_1 fusion-flex-column\" style=\"--awb-bg-size:cover;--awb-width-large:100%;--awb-margin-top-large:0px;--awb-spacing-right-large:1.92%;--awb-margin-bottom-large:20px;--awb-spacing-left-large:1.92%;--awb-width-medium:100%;--awb-order-medium:0;--awb-spacing-right-medium:1.92%;--awb-spacing-left-medium:1.92%;--awb-width-small:100%;--awb-order-small:0;--awb-spacing-right-small:1.92%;--awb-spacing-left-small:1.92%;\"><div class=\"fusion-column-wrapper fusion-column-has-shadow fusion-flex-justify-content-flex-start fusion-content-layout-column\"><div class=\"fusion-text fusion-text-7 fusion-animated\" data-animationType=\"fadeInLeft\" data-animationDuration=\"1.3\" data-animationOffset=\"top-into-view\"><h3><span style=\"color: #111775;\"><b style=\"font-size: 20px;\" data-fusion-font=\"true\"> Dr. Ervin Kocjancic \u2013Chicago, Estados Unidos (Male Remeex)<\/b><\/span><\/h3>\n<p><span style=\"color: #111775; font-size: 16px;\" data-fusion-font=\"true\">El Dr. Ervin Kocjancic es un destacado ur\u00f3logo reconstructivo con especializaci\u00f3n en salud p\u00e9lvica, incontinencia urinaria y cirug\u00eda reconstructiva para pacientes cisg\u00e9nero y transg\u00e9nero. Es reconocido por su experiencia en cirug\u00eda de afirmaci\u00f3n de g\u00e9nero y en el tratamiento de condiciones genitourinarias complejas. El Dr. Kocjancic es conocido por su enfoque humano y emp\u00e1tico hacia los pacientes, especialmente en el \u00e1mbito de la salud transg\u00e9nero. Su compromiso con la inclusi\u00f3n y el respeto hacia la diversidad lo ha convertido en un referente en la cirug\u00eda reconstructiva urol\u00f3gica.<br \/>\n<\/span><\/p>\n<p><span style=\"color: #111775; font-size: 16px;\" data-fusion-font=\"true\">Desde su experiencia cl\u00ednica, el Dr. Kocjancic destaca m\u00e1s de 10 a\u00f1os utilizando el sistema Male Remeex, subrayando la ventaja de ajustar la tensi\u00f3n incluso meses o a\u00f1os despu\u00e9s de la cirug\u00eda. Se\u00f1ala que se trata de un procedimiento altamente efectivo y muy bien valorado por sus pacientes.<br \/>\n<\/span><\/p>\n<\/div><div class=\"fusion-video fusion-youtube\" style=\"--awb-max-width:600px;--awb-max-height:350px;--awb-align-self:center;--awb-width:100%;\"><div class=\"video-shortcode\"><lite-youtube videoid=\"JE96E466Oy4\" class=\"landscape\" params=\"wmode=transparent&autoplay=1&enablejsapi=1\" title=\"YouTube video player 7\" data-button-label=\"Play Video\" width=\"600\" height=\"350\" data-thumbnail-size=\"auto\" data-no-cookie=\"on\"><\/lite-youtube><\/div><\/div><\/div><\/div><\/div><\/div><div class=\"fusion-fullwidth fullwidth-box fusion-builder-row-2 fusion-flex-container has-pattern-background has-mask-background nonhundred-percent-fullwidth non-hundred-percent-height-scrolling\" style=\"--awb-border-radius-top-left:0px;--awb-border-radius-top-right:0px;--awb-border-radius-bottom-right:0px;--awb-border-radius-bottom-left:0px;--awb-flex-wrap:wrap;\" ><div class=\"fusion-builder-row fusion-row fusion-flex-align-items-flex-start fusion-flex-content-wrap\" style=\"max-width:1216.8px;margin-left: calc(-4% \/ 2 );margin-right: calc(-4% \/ 2 );\"><div class=\"fusion-layout-column fusion_builder_column fusion-builder-column-7 fusion_builder_column_1_1 1_1 fusion-flex-column\" style=\"--awb-bg-size:cover;--awb-width-large:100%;--awb-margin-top-large:0px;--awb-spacing-right-large:1.92%;--awb-margin-bottom-large:20px;--awb-spacing-left-large:1.92%;--awb-width-medium:100%;--awb-order-medium:0;--awb-spacing-right-medium:1.92%;--awb-spacing-left-medium:1.92%;--awb-width-small:100%;--awb-order-small:0;--awb-spacing-right-small:1.92%;--awb-spacing-left-small:1.92%;\" data-scroll-devices=\"small-visibility,medium-visibility,large-visibility\"><div class=\"fusion-column-wrapper fusion-column-has-shadow fusion-flex-justify-content-flex-start fusion-content-layout-column\"><div style=\"text-align:center;\"><a class=\"fusion-button button-flat button-xlarge button-custom fusion-button-default button-1 fusion-button-default-span fusion-button-default-type\" style=\"--button_accent_color:var(--awb-color1);--button_accent_hover_color:var(--awb-color1);--button_border_hover_color:var(--awb-color1);--button_gradient_top_color:#111775;--button_gradient_bottom_color:#111775;--button_gradient_top_color_hover:hsla(var(--awb-color5-h),calc(var(--awb-color5-s) - 2%),calc(var(--awb-color5-l) - 7%),var(--awb-color5-a));--button_gradient_bottom_color_hover:hsla(var(--awb-color5-h),calc(var(--awb-color5-s) - 2%),calc(var(--awb-color5-l) - 7%),var(--awb-color5-a));\" target=\"_self\" href=\"https:\/\/neomedic.com\/es\/contactanos\/\"><span class=\"fusion-button-text awb-button__text awb-button__text--default\">CONTACTAR ESPECIALISTA<\/span><\/a><\/div><\/div><\/div><\/div><\/div><\/p>\n","protected":false},"excerpt":{"rendered":"","protected":false},"author":3,"featured_media":0,"parent":8,"menu_order":0,"comment_status":"closed","ping_status":"closed","template":"","meta":{"footnotes":""},"class_list":["post-6486","page","type-page","status-publish","hentry"],"yoast_head":"<!-- This site is optimized with the Yoast SEO plugin v27.4 - https:\/\/yoast.com\/product\/yoast-seo-wordpress\/ -->\n<title>-Entrevistas - Neomedic International<\/title>\n<meta name=\"robots\" content=\"index, follow, max-snippet:-1, max-image-preview:large, max-video-preview:-1\" \/>\n<link rel=\"canonical\" href=\"https:\/\/neomedic.com\/es\/neomedic-international\/entrevistas-2\/\" \/>\n<meta property=\"og:locale\" content=\"es_ES\" \/>\n<meta property=\"og:type\" content=\"article\" \/>\n<meta property=\"og:title\" content=\"-Entrevistas - Neomedic International\" \/>\n<meta property=\"og:url\" content=\"https:\/\/neomedic.com\/es\/neomedic-international\/entrevistas-2\/\" \/>\n<meta property=\"og:site_name\" content=\"Neomedic International\" \/>\n<meta property=\"article:modified_time\" content=\"2026-03-03T15:37:03+00:00\" \/>\n<meta name=\"twitter:card\" content=\"summary_large_image\" \/>\n<meta name=\"twitter:label1\" content=\"Tiempo de lectura\" \/>\n\t<meta name=\"twitter:data1\" content=\"5 minutos\" \/>\n<script type=\"application\/ld+json\" class=\"yoast-schema-graph\">{\"@context\":\"https:\\\/\\\/schema.org\",\"@graph\":[{\"@type\":\"WebPage\",\"@id\":\"https:\\\/\\\/neomedic.com\\\/es\\\/neomedic-international\\\/entrevistas-2\\\/\",\"url\":\"https:\\\/\\\/neomedic.com\\\/es\\\/neomedic-international\\\/entrevistas-2\\\/\",\"name\":\"-Entrevistas - Neomedic International\",\"isPartOf\":{\"@id\":\"https:\\\/\\\/neomedic.com\\\/es\\\/#website\"},\"datePublished\":\"2025-12-11T15:09:02+00:00\",\"dateModified\":\"2026-03-03T15:37:03+00:00\",\"breadcrumb\":{\"@id\":\"https:\\\/\\\/neomedic.com\\\/es\\\/neomedic-international\\\/entrevistas-2\\\/#breadcrumb\"},\"inLanguage\":\"es\",\"potentialAction\":[{\"@type\":\"ReadAction\",\"target\":[\"https:\\\/\\\/neomedic.com\\\/es\\\/neomedic-international\\\/entrevistas-2\\\/\"]}]},{\"@type\":\"BreadcrumbList\",\"@id\":\"https:\\\/\\\/neomedic.com\\\/es\\\/neomedic-international\\\/entrevistas-2\\\/#breadcrumb\",\"itemListElement\":[{\"@type\":\"ListItem\",\"position\":1,\"name\":\"Portada\",\"item\":\"https:\\\/\\\/neomedic.com\\\/es\\\/\"},{\"@type\":\"ListItem\",\"position\":2,\"name\":\"Inicio\",\"item\":\"https:\\\/\\\/neomedic.com\\\/es\\\/\"},{\"@type\":\"ListItem\",\"position\":3,\"name\":\"-Entrevistas\"}]},{\"@type\":\"WebSite\",\"@id\":\"https:\\\/\\\/neomedic.com\\\/es\\\/#website\",\"url\":\"https:\\\/\\\/neomedic.com\\\/es\\\/\",\"name\":\"Neomedic International\",\"description\":\"\",\"potentialAction\":[{\"@type\":\"SearchAction\",\"target\":{\"@type\":\"EntryPoint\",\"urlTemplate\":\"https:\\\/\\\/neomedic.com\\\/es\\\/?s={search_term_string}\"},\"query-input\":{\"@type\":\"PropertyValueSpecification\",\"valueRequired\":true,\"valueName\":\"search_term_string\"}}],\"inLanguage\":\"es\"}]}<\/script>\n<!-- \/ Yoast SEO plugin. -->","yoast_head_json":{"title":"-Entrevistas - Neomedic International","robots":{"index":"index","follow":"follow","max-snippet":"max-snippet:-1","max-image-preview":"max-image-preview:large","max-video-preview":"max-video-preview:-1"},"canonical":"https:\/\/neomedic.com\/es\/neomedic-international\/entrevistas-2\/","og_locale":"es_ES","og_type":"article","og_title":"-Entrevistas - Neomedic International","og_url":"https:\/\/neomedic.com\/es\/neomedic-international\/entrevistas-2\/","og_site_name":"Neomedic International","article_modified_time":"2026-03-03T15:37:03+00:00","twitter_card":"summary_large_image","twitter_misc":{"Tiempo de lectura":"5 minutos"},"schema":{"@context":"https:\/\/schema.org","@graph":[{"@type":"WebPage","@id":"https:\/\/neomedic.com\/es\/neomedic-international\/entrevistas-2\/","url":"https:\/\/neomedic.com\/es\/neomedic-international\/entrevistas-2\/","name":"-Entrevistas - Neomedic International","isPartOf":{"@id":"https:\/\/neomedic.com\/es\/#website"},"datePublished":"2025-12-11T15:09:02+00:00","dateModified":"2026-03-03T15:37:03+00:00","breadcrumb":{"@id":"https:\/\/neomedic.com\/es\/neomedic-international\/entrevistas-2\/#breadcrumb"},"inLanguage":"es","potentialAction":[{"@type":"ReadAction","target":["https:\/\/neomedic.com\/es\/neomedic-international\/entrevistas-2\/"]}]},{"@type":"BreadcrumbList","@id":"https:\/\/neomedic.com\/es\/neomedic-international\/entrevistas-2\/#breadcrumb","itemListElement":[{"@type":"ListItem","position":1,"name":"Portada","item":"https:\/\/neomedic.com\/es\/"},{"@type":"ListItem","position":2,"name":"Inicio","item":"https:\/\/neomedic.com\/es\/"},{"@type":"ListItem","position":3,"name":"-Entrevistas"}]},{"@type":"WebSite","@id":"https:\/\/neomedic.com\/es\/#website","url":"https:\/\/neomedic.com\/es\/","name":"Neomedic International","description":"","potentialAction":[{"@type":"SearchAction","target":{"@type":"EntryPoint","urlTemplate":"https:\/\/neomedic.com\/es\/?s={search_term_string}"},"query-input":{"@type":"PropertyValueSpecification","valueRequired":true,"valueName":"search_term_string"}}],"inLanguage":"es"}]}},"_links":{"self":[{"href":"https:\/\/neomedic.com\/es\/wp-json\/wp\/v2\/pages\/6486","targetHints":{"allow":["GET"]}}],"collection":[{"href":"https:\/\/neomedic.com\/es\/wp-json\/wp\/v2\/pages"}],"about":[{"href":"https:\/\/neomedic.com\/es\/wp-json\/wp\/v2\/types\/page"}],"author":[{"embeddable":true,"href":"https:\/\/neomedic.com\/es\/wp-json\/wp\/v2\/users\/3"}],"replies":[{"embeddable":true,"href":"https:\/\/neomedic.com\/es\/wp-json\/wp\/v2\/comments?post=6486"}],"version-history":[{"count":42,"href":"https:\/\/neomedic.com\/es\/wp-json\/wp\/v2\/pages\/6486\/revisions"}],"predecessor-version":[{"id":7274,"href":"https:\/\/neomedic.com\/es\/wp-json\/wp\/v2\/pages\/6486\/revisions\/7274"}],"up":[{"embeddable":true,"href":"https:\/\/neomedic.com\/es\/wp-json\/wp\/v2\/pages\/8"}],"wp:attachment":[{"href":"https:\/\/neomedic.com\/es\/wp-json\/wp\/v2\/media?parent=6486"}],"curies":[{"name":"wp","href":"https:\/\/api.w.org\/{rel}","templated":true}]}}